{"id":314,"date":"2016-08-24T15:10:00","date_gmt":"2016-08-24T13:10:00","guid":{"rendered":"http:\/\/www.bodmann-management-and-more.de\/?page_id=314"},"modified":"2025-04-10T10:50:08","modified_gmt":"2025-04-10T08:50:08","slug":"vita","status":"publish","type":"page","link":"https:\/\/www.bodmann-management-and-more.de\/?page_id=314&lang=de","title":{"rendered":"Vita"},"content":{"rendered":"\n<p><strong>Seit 2015<\/strong><\/p>\n\n\n\n<p><strong>Michael Bodmann Management &amp; More GmbH<\/strong><\/p>\n\n\n\n<p>(ehemals WTI Wasser Technologie Vertriebs-GmbH)<\/p>\n\n\n\n<p><strong>2006 \u2013 2014<\/strong><\/p>\n\n\n\n<p><strong>9 Jahre Allein-Gesch\u00e4ftsf\u00fchrer in 2 Landesgesellschaften von marktf\u00fchrenden, multinationalen Unternehmen der Bauindustrie<\/strong><\/p>\n\n\n\n<p><strong>1999 \u2013 2005<\/strong><\/p>\n\n\n\n<p><strong>7 Jahre Vertriebsleiter in 2 marktf\u00fchrenden, multinationalen Unternehmen der Bauindustrie<\/strong><\/p>\n\n\n\n<p><strong>1994 \u2013 1998<\/strong><\/p>\n\n\n\n<p><strong>Mitgesellschafter (25%) der WTI Wasser Technologie Vertriebs-GmbH<\/strong><\/p>\n\n\n\n<p>W\u00e4hrenddessen Sanierung des Unternehmens sowie sukzessive \u00dcbernahme der restlichen 75% Gesellschaftsanteile<\/p>\n\n\n\n<p><strong>1991 \u2013 1995<\/strong><\/p>\n\n\n\n<p><strong>4 Jahre Studium Wirschaftsingenieurwesen FH M\u00fcnchen<\/strong>, <strong>Schwerpunkt Maschinenbau<\/strong><\/p>\n\n\n\n<p>W\u00e4hrenddessen 6 \u00bd Monate Praktikum in Abteilung Produktmanagement beim Weltmarktf\u00fchrer f\u00fcr Dentalmaterialien 3M ESPE AG sowie Beteiligung als Mitgesellschafter (25%) an einer Vertriebs-GmbH<\/p>\n\n\n\n<p><strong>1988 \u2013 1989<\/strong><\/p>\n\n\n\n<p><strong>Bundeswehr (2 Jahre Soldat auf Zeit)<\/strong><\/p>\n\n\n\n<p>W\u00e4hrenddessen Start 2. Bildungsweg <\/p>\n\n\n\n<p><strong>1982 \u2013 1987&nbsp; &nbsp; &nbsp; &nbsp; &nbsp; &nbsp; &nbsp; &nbsp; &nbsp; &nbsp; &nbsp; &nbsp; &nbsp; &nbsp; &nbsp; &nbsp; &nbsp; &nbsp; &nbsp; &nbsp; &nbsp; &nbsp; &nbsp; &nbsp; &nbsp; &nbsp; &nbsp; &nbsp; &nbsp; &nbsp; &nbsp; &nbsp; &nbsp; &nbsp; &nbsp; &nbsp; &nbsp; &nbsp; &nbsp; &nbsp; &nbsp; &nbsp; &nbsp; <\/strong><\/p>\n\n\n\n<p><strong>Berufsausbildung (Zahntechniker)<\/strong><\/p>\n\n\n\n<p class=\"has-text-align-left\"><span style=\"font-size: 12pt;\">&nbsp;<\/span><strong>1981 \u2013 1982<\/strong><\/p>\n\n\n\n<p class=\"has-text-align-left\"><strong>1 Jahr Hilfsarbeiter in einer Kartonagenfabrik bis Berufsausbildungsbeginn<\/strong><\/p>\n\n\n\n<p><\/p>\n","protected":false},"excerpt":{"rendered":"<p>Seit 2015 Michael Bodmann Management &amp; More GmbH (ehemals WTI Wasser Technologie Vertriebs-GmbH) 2006 \u2013 2014 9 Jahre Allein-Gesch\u00e4ftsf\u00fchrer in 2 Landesgesellschaften von marktf\u00fchrenden, multinationalen Unternehmen der Bauindustrie 1999 \u2013 2005 7 Jahre Vertriebsleiter in 2 marktf\u00fchrenden, multinationalen Unternehmen der Bauindustrie 1994 \u2013 1998 Mitgesellschafter (25%) der WTI Wasser Technologie Vertriebs-GmbH W\u00e4hrenddessen Sanierung des Unternehmens &hellip; <a href=\"https:\/\/www.bodmann-management-and-more.de\/?page_id=314&#038;lang=de\" class=\"more-link\"><span class=\"screen-reader-text\">\u201eVita\u201c <\/span>weiterlesen<\/a><\/p>\n","protected":false},"author":1,"featured_media":0,"parent":0,"menu_order":0,"comment_status":"closed","ping_status":"closed","template":"","meta":{"footnotes":""},"class_list":["post-314","page","type-page","status-publish","hentry"],"yoast_head":"<!-- This site is optimized with the Yoast SEO plugin v27.5 - https:\/\/yoast.com\/product\/yoast-seo-wordpress\/ -->\n<title>Vita - Michael.BODMANN<\/title>\n<meta name=\"robots\" content=\"index, follow, max-snippet:-1, max-image-preview:large, max-video-preview:-1\" \/>\n<link rel=\"canonical\" href=\"https:\/\/www.bodmann-management-and-more.de\/?page_id=314&lang=de\" \/>\n<meta property=\"og:locale\" content=\"de_DE\" \/>\n<meta property=\"og:type\" content=\"article\" \/>\n<meta property=\"og:title\" content=\"Vita - Michael.BODMANN\" \/>\n<meta property=\"og:description\" content=\"Seit 2015 Michael Bodmann Management &amp; More GmbH (ehemals WTI Wasser Technologie Vertriebs-GmbH) 2006 \u2013 2014 9 Jahre Allein-Gesch\u00e4ftsf\u00fchrer in 2 Landesgesellschaften von marktf\u00fchrenden, multinationalen Unternehmen der Bauindustrie 1999 \u2013 2005 7 Jahre Vertriebsleiter in 2 marktf\u00fchrenden, multinationalen Unternehmen der Bauindustrie 1994 \u2013 1998 Mitgesellschafter (25%) der WTI Wasser Technologie Vertriebs-GmbH W\u00e4hrenddessen Sanierung des Unternehmens &hellip; \u201eVita\u201c weiterlesen\" \/>\n<meta property=\"og:url\" content=\"https:\/\/www.bodmann-management-and-more.de\/?page_id=314&amp;lang=de\" \/>\n<meta property=\"og:site_name\" content=\"Michael.BODMANN\" \/>\n<meta property=\"article:modified_time\" content=\"2025-04-10T08:50:08+00:00\" \/>\n<meta name=\"twitter:card\" content=\"summary_large_image\" \/>\n<meta name=\"twitter:label1\" content=\"Gesch\u00e4tzte Lesezeit\" \/>\n\t<meta name=\"twitter:data1\" content=\"1\u00a0Minute\" \/>\n<script type=\"application\/ld+json\" class=\"yoast-schema-graph\">{\"@context\":\"https:\\\/\\\/schema.org\",\"@graph\":[{\"@type\":\"WebPage\",\"@id\":\"https:\\\/\\\/www.bodmann-management-and-more.de\\\/?page_id=314&lang=de\",\"url\":\"https:\\\/\\\/www.bodmann-management-and-more.de\\\/?page_id=314&lang=de\",\"name\":\"Vita - Michael.BODMANN\",\"isPartOf\":{\"@id\":\"https:\\\/\\\/www.bodmann-management-and-more.de\\\/#website\"},\"datePublished\":\"2016-08-24T13:10:00+00:00\",\"dateModified\":\"2025-04-10T08:50:08+00:00\",\"breadcrumb\":{\"@id\":\"https:\\\/\\\/www.bodmann-management-and-more.de\\\/?page_id=314&lang=de#breadcrumb\"},\"inLanguage\":\"de\",\"potentialAction\":[{\"@type\":\"ReadAction\",\"target\":[\"https:\\\/\\\/www.bodmann-management-and-more.de\\\/?page_id=314&lang=de\"]}]},{\"@type\":\"BreadcrumbList\",\"@id\":\"https:\\\/\\\/www.bodmann-management-and-more.de\\\/?page_id=314&lang=de#breadcrumb\",\"itemListElement\":[{\"@type\":\"ListItem\",\"position\":1,\"name\":\"Startseite\",\"item\":\"https:\\\/\\\/www.bodmann-management-and-more.de\\\/?page_id=4&lang=en\"},{\"@type\":\"ListItem\",\"position\":2,\"name\":\"Vita\"}]},{\"@type\":\"WebSite\",\"@id\":\"https:\\\/\\\/www.bodmann-management-and-more.de\\\/#website\",\"url\":\"https:\\\/\\\/www.bodmann-management-and-more.de\\\/\",\"name\":\"Michael.BODMANN\",\"description\":\"Management &amp; More\",\"potentialAction\":[{\"@type\":\"SearchAction\",\"target\":{\"@type\":\"EntryPoint\",\"urlTemplate\":\"https:\\\/\\\/www.bodmann-management-and-more.de\\\/?s={search_term_string}\"},\"query-input\":{\"@type\":\"PropertyValueSpecification\",\"valueRequired\":true,\"valueName\":\"search_term_string\"}}],\"inLanguage\":\"de\"}]}<\/script>\n<!-- \/ Yoast SEO plugin. -->","yoast_head_json":{"title":"Vita - Michael.BODMANN","robots":{"index":"index","follow":"follow","max-snippet":"max-snippet:-1","max-image-preview":"max-image-preview:large","max-video-preview":"max-video-preview:-1"},"canonical":"https:\/\/www.bodmann-management-and-more.de\/?page_id=314&lang=de","og_locale":"de_DE","og_type":"article","og_title":"Vita - Michael.BODMANN","og_description":"Seit 2015 Michael Bodmann Management &amp; More GmbH (ehemals WTI Wasser Technologie Vertriebs-GmbH) 2006 \u2013 2014 9 Jahre Allein-Gesch\u00e4ftsf\u00fchrer in 2 Landesgesellschaften von marktf\u00fchrenden, multinationalen Unternehmen der Bauindustrie 1999 \u2013 2005 7 Jahre Vertriebsleiter in 2 marktf\u00fchrenden, multinationalen Unternehmen der Bauindustrie 1994 \u2013 1998 Mitgesellschafter (25%) der WTI Wasser Technologie Vertriebs-GmbH W\u00e4hrenddessen Sanierung des Unternehmens &hellip; \u201eVita\u201c weiterlesen","og_url":"https:\/\/www.bodmann-management-and-more.de\/?page_id=314&lang=de","og_site_name":"Michael.BODMANN","article_modified_time":"2025-04-10T08:50:08+00:00","twitter_card":"summary_large_image","twitter_misc":{"Gesch\u00e4tzte Lesezeit":"1\u00a0Minute"},"schema":{"@context":"https:\/\/schema.org","@graph":[{"@type":"WebPage","@id":"https:\/\/www.bodmann-management-and-more.de\/?page_id=314&lang=de","url":"https:\/\/www.bodmann-management-and-more.de\/?page_id=314&lang=de","name":"Vita - Michael.BODMANN","isPartOf":{"@id":"https:\/\/www.bodmann-management-and-more.de\/#website"},"datePublished":"2016-08-24T13:10:00+00:00","dateModified":"2025-04-10T08:50:08+00:00","breadcrumb":{"@id":"https:\/\/www.bodmann-management-and-more.de\/?page_id=314&lang=de#breadcrumb"},"inLanguage":"de","potentialAction":[{"@type":"ReadAction","target":["https:\/\/www.bodmann-management-and-more.de\/?page_id=314&lang=de"]}]},{"@type":"BreadcrumbList","@id":"https:\/\/www.bodmann-management-and-more.de\/?page_id=314&lang=de#breadcrumb","itemListElement":[{"@type":"ListItem","position":1,"name":"Startseite","item":"https:\/\/www.bodmann-management-and-more.de\/?page_id=4&lang=en"},{"@type":"ListItem","position":2,"name":"Vita"}]},{"@type":"WebSite","@id":"https:\/\/www.bodmann-management-and-more.de\/#website","url":"https:\/\/www.bodmann-management-and-more.de\/","name":"Michael.BODMANN","description":"Management &amp; More","potentialAction":[{"@type":"SearchAction","target":{"@type":"EntryPoint","urlTemplate":"https:\/\/www.bodmann-management-and-more.de\/?s={search_term_string}"},"query-input":{"@type":"PropertyValueSpecification","valueRequired":true,"valueName":"search_term_string"}}],"inLanguage":"de"}]}},"_links":{"self":[{"href":"https:\/\/www.bodmann-management-and-more.de\/index.php?rest_route=\/wp\/v2\/pages\/314","targetHints":{"allow":["GET"]}}],"collection":[{"href":"https:\/\/www.bodmann-management-and-more.de\/index.php?rest_route=\/wp\/v2\/pages"}],"about":[{"href":"https:\/\/www.bodmann-management-and-more.de\/index.php?rest_route=\/wp\/v2\/types\/page"}],"author":[{"embeddable":true,"href":"https:\/\/www.bodmann-management-and-more.de\/index.php?rest_route=\/wp\/v2\/users\/1"}],"replies":[{"embeddable":true,"href":"https:\/\/www.bodmann-management-and-more.de\/index.php?rest_route=%2Fwp%2Fv2%2Fcomments&post=314"}],"version-history":[{"count":23,"href":"https:\/\/www.bodmann-management-and-more.de\/index.php?rest_route=\/wp\/v2\/pages\/314\/revisions"}],"predecessor-version":[{"id":996,"href":"https:\/\/www.bodmann-management-and-more.de\/index.php?rest_route=\/wp\/v2\/pages\/314\/revisions\/996"}],"wp:attachment":[{"href":"https:\/\/www.bodmann-management-and-more.de\/index.php?rest_route=%2Fwp%2Fv2%2Fmedia&parent=314"}],"curies":[{"name":"wp","href":"https:\/\/api.w.org\/{rel}","templated":true}]}}